{"id":213,"date":"2024-04-26T18:55:55","date_gmt":"2024-04-26T16:55:55","guid":{"rendered":"https:\/\/vpcodelab.es\/?page_id=213"},"modified":"2025-03-02T10:37:15","modified_gmt":"2025-03-02T09:37:15","slug":"polpri","status":"publish","type":"page","link":"https:\/\/vpcodelab.es\/index.php\/polpri\/","title":{"rendered":"Politica privacidad"},"content":{"rendered":"<p>[et_pb_section fb_built=\u00bb1&#8243; _builder_version=\u00bb4.25.0&#8243; _module_preset=\u00bbdefault\u00bb global_colors_info=\u00bb{}\u00bb][et_pb_row _builder_version=\u00bb4.25.0&#8243; _module_preset=\u00bbdefault\u00bb global_colors_info=\u00bb{}\u00bb][et_pb_column type=\u00bb4_4&#8243; _builder_version=\u00bb4.25.0&#8243; _module_preset=\u00bbdefault\u00bb global_colors_info=\u00bb{}\u00bb][et_pb_text _builder_version=\u00bb4.27.4&#8243; _module_preset=\u00bbdefault\u00bb hover_enabled=\u00bb0&#8243; global_colors_info=\u00bb{}\u00bb sticky_enabled=\u00bb0&#8243;]<\/p>\n<h3 data-start=\"436\" data-end=\"454\">Aviso Legal, Pol\u00edtica de Privacidad y Pol\u00edtica de Cookies<\/p>\n<p>1. Aviso Legal<\/h3>\n<p data-start=\"456\" data-end=\"492\"><strong data-start=\"456\" data-end=\"490\">Identificaci\u00f3n del Responsable<\/strong><\/p>\n<ul data-start=\"493\" data-end=\"700\">\n<li data-start=\"493\" data-end=\"538\"><strong data-start=\"495\" data-end=\"521\">Titular del sitio web:<\/strong> Alfredo Ordu\u00f1a<\/li>\n<li data-start=\"539\" data-end=\"561\"><strong data-start=\"541\" data-end=\"549\">NIF:<\/strong> 72678201H<\/li>\n<li data-start=\"562\" data-end=\"602\"><strong data-start=\"564\" data-end=\"578\">Domicilio:<\/strong> Calle Bardenas 2 bajo<\/li>\n<li data-start=\"603\" data-end=\"665\"><strong data-start=\"605\" data-end=\"619\">Sitio web:<\/strong> <a data-start=\"620\" data-end=\"663\" rel=\"noopener\" target=\"_new\" href=\"http:\/\/www.vpcodelab.es\">www.vpcodelab.es<\/a><\/li>\n<li data-start=\"666\" data-end=\"700\"><strong data-start=\"668\" data-end=\"678\">Email:<\/strong> <a data-start=\"679\" data-end=\"698\" rel=\"noopener\">vpcodelab@gmail.com<\/a><\/li>\n<\/ul>\n<p data-start=\"702\" data-end=\"908\"><strong data-start=\"702\" data-end=\"735\">Objeto y \u00c1mbito de Aplicaci\u00f3n<\/strong><br data-start=\"735\" data-end=\"738\" \/>El presente Aviso Legal regula el acceso y uso del sitio web <strong data-start=\"799\" data-end=\"819\"><a data-start=\"801\" data-end=\"817\" rel=\"noopener\" target=\"_new\" href=\"http:\/\/www.vpcodelab.es\">www.vpcodelab.es<\/a><\/strong>. El acceso y\/o uso del sitio implica la aceptaci\u00f3n de las condiciones aqu\u00ed establecidas.<\/p>\n<p data-start=\"910\" data-end=\"1222\"><strong data-start=\"910\" data-end=\"931\">Uso del Sitio Web<\/strong><br data-start=\"931\" data-end=\"934\" \/>El usuario se compromete a utilizar el sitio de acuerdo con la ley, la moral, el orden p\u00fablico y las condiciones aqu\u00ed descritas. El contenido y los servicios ofrecidos se proporcionan \u00abtal y como est\u00e1n\u00bb, sin que <strong data-start=\"1146\" data-end=\"1162\">vpcodelab.es<\/strong> asuma responsabilidad por posibles errores o imprecisiones.<\/p>\n<p data-start=\"1224\" data-end=\"1484\"><strong data-start=\"1224\" data-end=\"1262\">Propiedad Intelectual e Industrial<\/strong><br data-start=\"1262\" data-end=\"1265\" \/>Todos los contenidos (textos, im\u00e1genes, logotipos, dise\u00f1o gr\u00e1fico, etc.) son propiedad de Alfredo Ordu\u00f1a o de terceros que han autorizado su uso. Queda prohibida la reproducci\u00f3n total o parcial sin autorizaci\u00f3n expresa.<\/p>\n<p data-start=\"1486\" data-end=\"1666\"><strong data-start=\"1486\" data-end=\"1505\">Responsabilidad<\/strong><br data-start=\"1505\" data-end=\"1508\" \/><strong data-start=\"1508\" data-end=\"1524\">vpcodelab.es<\/strong> no garantiza la disponibilidad continua del sitio ni la ausencia de errores. El acceso se realiza bajo responsabilidad exclusiva del usuario.<\/p>\n<p data-start=\"1668\" data-end=\"1886\"><strong data-start=\"1668\" data-end=\"1686\">Modificaciones<\/strong><br data-start=\"1686\" data-end=\"1689\" \/>Nos reservamos el derecho a modificar estos t\u00e9rminos en cualquier momento. Las modificaciones ser\u00e1n publicadas en el sitio y se considerar\u00e1n aceptadas si el usuario contin\u00faa utilizando el servicio.<\/p>\n<p data-start=\"1888\" data-end=\"2061\"><strong data-start=\"1888\" data-end=\"1900\">Contacto<\/strong><br data-start=\"1900\" data-end=\"1903\" \/>Para cualquier consulta o reclamaci\u00f3n, puedes contactar a trav\u00e9s del correo <strong data-start=\"1979\" data-end=\"2002\"><a data-start=\"1981\" data-end=\"2000\" rel=\"noopener\">vpcodelab@gmail.com<\/a><\/strong> o mediante el formulario de contacto disponible en la web.<\/p>\n<hr data-start=\"2063\" data-end=\"2066\" \/>\n<h3 data-start=\"2068\" data-end=\"2097\">2. Pol\u00edtica de Privacidad<\/h3>\n<p data-start=\"2099\" data-end=\"2132\"><strong data-start=\"2099\" data-end=\"2130\">Responsable del Tratamiento<\/strong><\/p>\n<ul data-start=\"2133\" data-end=\"2338\">\n<li data-start=\"2133\" data-end=\"2164\"><strong data-start=\"2135\" data-end=\"2147\">Titular:<\/strong> Alfredo Ordu\u00f1a<\/li>\n<li data-start=\"2165\" data-end=\"2187\"><strong data-start=\"2167\" data-end=\"2175\">NIF:<\/strong> 72678201H<\/li>\n<li data-start=\"2188\" data-end=\"2228\"><strong data-start=\"2190\" data-end=\"2204\">Domicilio:<\/strong> Calle Bardenas 2 bajo<\/li>\n<li data-start=\"2229\" data-end=\"2291\"><strong data-start=\"2231\" data-end=\"2245\">Sitio web:<\/strong> <a data-start=\"2246\" data-end=\"2289\" rel=\"noopener\" target=\"_new\" href=\"http:\/\/www.vpcodelab.es\">www.vpcodelab.es<\/a><\/li>\n<li data-start=\"2292\" data-end=\"2338\"><strong data-start=\"2294\" data-end=\"2316\">Email de contacto:<\/strong> <a data-start=\"2317\" data-end=\"2336\" rel=\"noopener\">vpcodelab@gmail.com<\/a><\/li>\n<\/ul>\n<p data-start=\"2340\" data-end=\"2450\"><strong data-start=\"2340\" data-end=\"2369\">Finalidad del Tratamiento<\/strong><br data-start=\"2369\" data-end=\"2372\" \/>Los datos personales que se recaban a trav\u00e9s del sitio web se utilizar\u00e1n para:<\/p>\n<ul data-start=\"2451\" data-end=\"2605\">\n<li data-start=\"2451\" data-end=\"2502\">Gestionar consultas y solicitudes de informaci\u00f3n.<\/li>\n<li data-start=\"2503\" data-end=\"2547\">Mejorar y personalizar nuestros servicios.<\/li>\n<li data-start=\"2548\" data-end=\"2605\">Responder a requerimientos o preguntas de los usuarios.<\/li>\n<\/ul>\n<p data-start=\"2607\" data-end=\"2761\"><strong data-start=\"2607\" data-end=\"2623\">Legitimaci\u00f3n<\/strong><br data-start=\"2623\" data-end=\"2626\" \/>El tratamiento se basa en el consentimiento del usuario, expresado al enviar consultas o completar formularios disponibles en el sitio.<\/p>\n<p data-start=\"2763\" data-end=\"2966\"><strong data-start=\"2763\" data-end=\"2788\">Conservaci\u00f3n de Datos<\/strong><br data-start=\"2788\" data-end=\"2791\" \/>Los datos personales se conservar\u00e1n durante el tiempo necesario para cumplir la finalidad para la que se recabaron y, en todo caso, durante los plazos establecidos legalmente.<\/p>\n<p data-start=\"2968\" data-end=\"3247\"><strong data-start=\"2968\" data-end=\"2996\">Derechos de los Usuarios<\/strong><br data-start=\"2996\" data-end=\"2999\" \/>Los usuarios tienen derecho a acceder, rectificar, suprimir, limitar el tratamiento, portabilidad y oposici\u00f3n de sus datos. Para ejercer estos derechos, se puede contactar a <strong data-start=\"3173\" data-end=\"3196\"><a data-start=\"3175\" data-end=\"3194\" rel=\"noopener\">vpcodelab@gmail.com<\/a><\/strong> o enviar una comunicaci\u00f3n a la direcci\u00f3n indicada.<\/p>\n<p data-start=\"3249\" data-end=\"3404\"><strong data-start=\"3249\" data-end=\"3273\">Medidas de Seguridad<\/strong><br data-start=\"3273\" data-end=\"3276\" \/>Se han implementado medidas t\u00e9cnicas y organizativas apropiadas para proteger la integridad y seguridad de los datos personales.<\/p>\n<p data-start=\"3406\" data-end=\"3583\"><strong data-start=\"3406\" data-end=\"3432\">Cambios en la Pol\u00edtica<\/strong><br data-start=\"3432\" data-end=\"3435\" \/>Esta pol\u00edtica podr\u00e1 ser modificada. Las actualizaciones se publicar\u00e1n en esta misma p\u00e1gina, siendo de obligado cumplimiento para todos los usuarios.<\/p>\n<hr data-start=\"3585\" data-end=\"3588\" \/>\n<h3 data-start=\"3590\" data-end=\"3616\">3. Pol\u00edtica de Cookies<\/h3>\n<p data-start=\"3618\" data-end=\"3792\"><strong data-start=\"3618\" data-end=\"3643\">\u00bfQu\u00e9 son las Cookies?<\/strong><br data-start=\"3643\" data-end=\"3646\" \/>Las cookies son peque\u00f1os archivos de texto que se almacenan en el dispositivo del usuario para facilitar y optimizar la experiencia de navegaci\u00f3n.<\/p>\n<p data-start=\"3794\" data-end=\"3827\"><strong data-start=\"3794\" data-end=\"3825\">Tipos de Cookies Utilizadas<\/strong><\/p>\n<ul data-start=\"3828\" data-end=\"4278\">\n<li data-start=\"3828\" data-end=\"3907\"><strong data-start=\"3830\" data-end=\"3853\">Cookies Esenciales:<\/strong> Necesarias para el funcionamiento b\u00e1sico del sitio.<\/li>\n<li data-start=\"3908\" data-end=\"4026\"><strong data-start=\"3910\" data-end=\"3937\">Cookies de Rendimiento:<\/strong> Recogen datos an\u00f3nimos sobre el uso del sitio para mejorar la experiencia del usuario.<\/li>\n<li data-start=\"4027\" data-end=\"4140\"><strong data-start=\"4029\" data-end=\"4058\">Cookies de Funcionalidad:<\/strong> Permiten personalizar la navegaci\u00f3n en funci\u00f3n de las preferencias del usuario.<\/li>\n<li data-start=\"4141\" data-end=\"4278\"><strong data-start=\"4143\" data-end=\"4169\">Cookies de Publicidad:<\/strong> Se utilizan para ofrecer anuncios y contenido acorde a los intereses del usuario (en caso de ser aplicable).<\/li>\n<\/ul>\n<p data-start=\"4280\" data-end=\"4490\"><strong data-start=\"4280\" data-end=\"4318\">Gesti\u00f3n y Desactivaci\u00f3n de Cookies<\/strong><br data-start=\"4318\" data-end=\"4321\" \/>El usuario puede configurar su navegador para rechazar o eliminar cookies. Se informa que la desactivaci\u00f3n de cookies puede afectar el correcto funcionamiento del sitio.<\/p>\n<p data-start=\"4492\" data-end=\"4744\"><strong data-start=\"4492\" data-end=\"4510\">Consentimiento<\/strong><br data-start=\"4510\" data-end=\"4513\" \/>Al continuar navegando en <strong data-start=\"4539\" data-end=\"4559\"><a data-start=\"4541\" data-end=\"4557\" rel=\"noopener\" target=\"_new\" href=\"http:\/\/www.vpcodelab.es\">www.vpcodelab.es<\/a><\/strong>, el usuario acepta el uso de cookies conforme a esta pol\u00edtica. En el primer acceso se mostrar\u00e1 un banner informativo solicitando el consentimiento para el uso de cookies no esenciales.<\/p>\n<p data-start=\"4746\" data-end=\"4923\"><strong data-start=\"4746\" data-end=\"4790\">Modificaciones de la Pol\u00edtica de Cookies<\/strong><br data-start=\"4790\" data-end=\"4793\" \/>Esta pol\u00edtica puede ser actualizada. Cualquier cambio se publicar\u00e1 en el sitio web, de modo que se considere informado al usuario.<\/p>\n<p>[\/et_pb_text][\/et_pb_column][\/et_pb_row][\/et_pb_section]<\/p>\n","protected":false},"excerpt":{"rendered":"<p>Aviso Legal, Pol\u00edtica de Privacidad y Pol\u00edtica de Cookies 1. Aviso Legal Identificaci\u00f3n del Responsable Titular del sitio web: Alfredo Ordu\u00f1a NIF: 72678201H Domicilio: Calle Bardenas 2 bajo Sitio web: www.vpcodelab.es Email: vpcodelab@gmail.com Objeto y \u00c1mbito de Aplicaci\u00f3nEl presente Aviso Legal regula el acceso y uso del sitio web www.vpcodelab.es. El acceso y\/o uso del [&hellip;]<\/p>\n","protected":false},"author":1,"featured_media":0,"parent":0,"menu_order":0,"comment_status":"closed","ping_status":"closed","template":"","meta":{"_et_pb_use_builder":"on","_et_pb_old_content":"","_et_gb_content_width":"","footnotes":""},"class_list":["post-213","page","type-page","status-publish","hentry"],"_links":{"self":[{"href":"https:\/\/vpcodelab.es\/index.php\/wp-json\/wp\/v2\/pages\/213","targetHints":{"allow":["GET"]}}],"collection":[{"href":"https:\/\/vpcodelab.es\/index.php\/wp-json\/wp\/v2\/pages"}],"about":[{"href":"https:\/\/vpcodelab.es\/index.php\/wp-json\/wp\/v2\/types\/page"}],"author":[{"embeddable":true,"href":"https:\/\/vpcodelab.es\/index.php\/wp-json\/wp\/v2\/users\/1"}],"replies":[{"embeddable":true,"href":"https:\/\/vpcodelab.es\/index.php\/wp-json\/wp\/v2\/comments?post=213"}],"version-history":[{"count":4,"href":"https:\/\/vpcodelab.es\/index.php\/wp-json\/wp\/v2\/pages\/213\/revisions"}],"predecessor-version":[{"id":461,"href":"https:\/\/vpcodelab.es\/index.php\/wp-json\/wp\/v2\/pages\/213\/revisions\/461"}],"wp:attachment":[{"href":"https:\/\/vpcodelab.es\/index.php\/wp-json\/wp\/v2\/media?parent=213"}],"curies":[{"name":"wp","href":"https:\/\/api.w.org\/{rel}","templated":true}]}}