{"id":37,"date":"2024-02-01T11:16:08","date_gmt":"2024-02-01T10:16:08","guid":{"rendered":"https:\/\/vpcodelab.es\/?page_id=37"},"modified":"2025-03-02T11:05:48","modified_gmt":"2025-03-02T10:05:48","slug":"contacto","status":"publish","type":"page","link":"https:\/\/vpcodelab.es\/index.php\/contacto\/","title":{"rendered":"Contacto"},"content":{"rendered":"<p>[et_pb_section fb_built=\u00bb1&#8243; admin_label=\u00bbsection\u00bb _builder_version=\u00bb4.16&#8243; global_colors_info=\u00bb{}\u00bb][et_pb_row admin_label=\u00bbrow\u00bb _builder_version=\u00bb4.16&#8243; background_size=\u00bbinitial\u00bb background_position=\u00bbtop_left\u00bb background_repeat=\u00bbrepeat\u00bb global_colors_info=\u00bb{}\u00bb][et_pb_column type=\u00bb4_4&#8243; _builder_version=\u00bb4.16&#8243; custom_padding=\u00bb|||\u00bb global_colors_info=\u00bb{}\u00bb custom_padding__hover=\u00bb|||\u00bb][et_pb_text admin_label=\u00bbText\u00bb _builder_version=\u00bb4.27.4&#8243; background_size=\u00bbinitial\u00bb background_position=\u00bbtop_left\u00bb background_repeat=\u00bbrepeat\u00bb global_colors_info=\u00bb{}\u00bb]<\/p>\n<h2>Estudio de producci\u00f3n virtual<\/h2>\n<h4>VP Code LAB<br \/>innovaci\u00f3n en rodajes, eventos, directos&#8230;<\/h4>\n<p>[\/et_pb_text][et_pb_image src=\u00bbhttps:\/\/vpcodelab.es\/wp-content\/uploads\/2025\/02\/IMG_20250220_120847-scaled.jpg\u00bb title_text=\u00bbIMG_20250220_120847&#8243; _builder_version=\u00bb4.27.4&#8243; _module_preset=\u00bbdefault\u00bb global_colors_info=\u00bb{}\u00bb][\/et_pb_image][et_pb_text _builder_version=\u00bb4.27.4&#8243; _module_preset=\u00bbdefault\u00bb global_colors_info=\u00bb{}\u00bb]<\/p>\n<p>Plat\u00f3 de Producci\u00f3n Virtual en Tudela: Tu Escenario Digital de Creatividad Infinita. Descubre un espacio innovador donde la producci\u00f3n audiovisual cobra vida a trav\u00e9s de tecnolog\u00eda de vanguardia. En VP Code LAB, te invitamos a explorar un mundo de posibilidades <strong>ilimitadas<\/strong> para tus proyectos.<\/p>\n<p>\u00danete a nosotros y convierte tus visiones en realidad, en nuestro plat\u00f3 de producci\u00f3n virtual.<\/p>\n<p>Alfredo Ordu\u00f1a &#8212; 629591568 &#8212; vpcodelab@gmail.com<\/p>\n<p>[\/et_pb_text][et_pb_contact_form email=\u00bbalfredo@vpcodelab.es\u00bb title=\u00bbAlfredo Ordu\u00f1a &#8212; 629591568 &#8212; vpcodelab@gmail.com\u00bb custom_message=\u00bbFormulario pagina contacto vp plato virtual\u00bb success_message=\u00bbGracias por contactar\u00bb _builder_version=\u00bb4.27.4&#8243; _module_preset=\u00bbdefault\u00bb _unique_id=\u00bbe49e55df-a937-4656-a067-05842227d2fe\u00bb hover_enabled=\u00bb0&#8243; global_colors_info=\u00bb{}\u00bb sticky_enabled=\u00bb0&#8243;][et_pb_contact_field field_id=\u00bbName\u00bb field_title=\u00bbNombre\u00bb _builder_version=\u00bb4.25.0&#8243; global_colors_info=\u00bb{}\u00bb button_text_size__hover_enabled=\u00bboff\u00bb button_one_text_size__hover_enabled=\u00bboff\u00bb button_two_text_size__hover_enabled=\u00bboff\u00bb button_text_color__hover_enabled=\u00bboff\u00bb button_one_text_color__hover_enabled=\u00bboff\u00bb button_two_text_color__hover_enabled=\u00bboff\u00bb button_border_width__hover_enabled=\u00bboff\u00bb button_one_border_width__hover_enabled=\u00bboff\u00bb button_two_border_width__hover_enabled=\u00bboff\u00bb button_border_color__hover_enabled=\u00bboff\u00bb button_one_border_color__hover_enabled=\u00bboff\u00bb button_two_border_color__hover_enabled=\u00bboff\u00bb button_border_radius__hover_enabled=\u00bboff\u00bb button_one_border_radius__hover_enabled=\u00bboff\u00bb button_two_border_radius__hover_enabled=\u00bboff\u00bb button_letter_spacing__hover_enabled=\u00bboff\u00bb button_one_letter_spacing__hover_enabled=\u00bboff\u00bb button_two_letter_spacing__hover_enabled=\u00bboff\u00bb button_bg_color__hover_enabled=\u00bboff\u00bb button_one_bg_color__hover_enabled=\u00bboff\u00bb button_two_bg_color__hover_enabled=\u00bboff\u00bb][\/et_pb_contact_field][et_pb_contact_field field_id=\u00bbEmail\u00bb field_title=\u00bbDirecci\u00f3n de correo electr\u00f3nico\u00bb field_type=\u00bbemail\u00bb _builder_version=\u00bb4.25.0&#8243; global_colors_info=\u00bb{}\u00bb button_text_size__hover_enabled=\u00bboff\u00bb button_one_text_size__hover_enabled=\u00bboff\u00bb button_two_text_size__hover_enabled=\u00bboff\u00bb button_text_color__hover_enabled=\u00bboff\u00bb button_one_text_color__hover_enabled=\u00bboff\u00bb button_two_text_color__hover_enabled=\u00bboff\u00bb button_border_width__hover_enabled=\u00bboff\u00bb button_one_border_width__hover_enabled=\u00bboff\u00bb button_two_border_width__hover_enabled=\u00bboff\u00bb button_border_color__hover_enabled=\u00bboff\u00bb button_one_border_color__hover_enabled=\u00bboff\u00bb button_two_border_color__hover_enabled=\u00bboff\u00bb button_border_radius__hover_enabled=\u00bboff\u00bb button_one_border_radius__hover_enabled=\u00bboff\u00bb button_two_border_radius__hover_enabled=\u00bboff\u00bb button_letter_spacing__hover_enabled=\u00bboff\u00bb button_one_letter_spacing__hover_enabled=\u00bboff\u00bb button_two_letter_spacing__hover_enabled=\u00bboff\u00bb button_bg_color__hover_enabled=\u00bboff\u00bb button_one_bg_color__hover_enabled=\u00bboff\u00bb button_two_bg_color__hover_enabled=\u00bboff\u00bb][\/et_pb_contact_field][et_pb_contact_field field_id=\u00bbMessage\u00bb field_title=\u00bbMensaje\u00bb field_type=\u00bbtext\u00bb fullwidth_field=\u00bbon\u00bb _builder_version=\u00bb4.25.0&#8243; global_colors_info=\u00bb{}\u00bb button_text_size__hover_enabled=\u00bboff\u00bb button_one_text_size__hover_enabled=\u00bboff\u00bb button_two_text_size__hover_enabled=\u00bboff\u00bb button_text_color__hover_enabled=\u00bboff\u00bb button_one_text_color__hover_enabled=\u00bboff\u00bb button_two_text_color__hover_enabled=\u00bboff\u00bb button_border_width__hover_enabled=\u00bboff\u00bb button_one_border_width__hover_enabled=\u00bboff\u00bb button_two_border_width__hover_enabled=\u00bboff\u00bb button_border_color__hover_enabled=\u00bboff\u00bb button_one_border_color__hover_enabled=\u00bboff\u00bb button_two_border_color__hover_enabled=\u00bboff\u00bb button_border_radius__hover_enabled=\u00bboff\u00bb button_one_border_radius__hover_enabled=\u00bboff\u00bb button_two_border_radius__hover_enabled=\u00bboff\u00bb button_letter_spacing__hover_enabled=\u00bboff\u00bb button_one_letter_spacing__hover_enabled=\u00bboff\u00bb button_two_letter_spacing__hover_enabled=\u00bboff\u00bb button_bg_color__hover_enabled=\u00bboff\u00bb button_one_bg_color__hover_enabled=\u00bboff\u00bb button_two_bg_color__hover_enabled=\u00bboff\u00bb][\/et_pb_contact_field][et_pb_contact_field fullwidth_field=\u00bbon\u00bb _builder_version=\u00bb4.27.4&#8243; _module_preset=\u00bbdefault\u00bb field_title=\u00bb_\u00bb field_type=\u00bbcheckbox\u00bb checkbox_options=\u00bb%91{%22value%22:%22Acepto la Pol\u00edtica de Privacidad%22,%22checked%22:0,%22dragID%22:-1}%93&#8243; link_option_url=\u00bbhttps:\/\/vpcodelab.es\/index.php\/polpri\/\u00bb link_option_url_new_window=\u00bbon\u00bb hover_enabled=\u00bb0&#8243; sticky_enabled=\u00bb0&#8243; field_id=\u00bbField_4&#8243;][\/et_pb_contact_field][\/et_pb_contact_form][\/et_pb_column][\/et_pb_row][\/et_pb_section]<\/p>\n","protected":false},"excerpt":{"rendered":"<p>Estudio de producci\u00f3n virtual VP Code LABinnovaci\u00f3n en rodajes, eventos, directos&#8230;Plat\u00f3 de Producci\u00f3n Virtual en Tudela: Tu Escenario Digital de Creatividad Infinita. Descubre un espacio innovador donde la producci\u00f3n audiovisual cobra vida a trav\u00e9s de tecnolog\u00eda de vanguardia. En VP Code LAB, te invitamos a explorar un mundo de posibilidades ilimitadas para tus proyectos. \u00danete [&hellip;]<\/p>\n","protected":false},"author":1,"featured_media":0,"parent":0,"menu_order":0,"comment_status":"closed","ping_status":"closed","template":"","meta":{"_et_pb_use_builder":"on","_et_pb_old_content":"<style>\/*! elementor - v3.19.0 - 29-01-2024 *\/\n.elementor-heading-title{padding:0;margin:0;line-height:1}.elementor-widget-heading .elementor-heading-title[class*=elementor-size-]>a{color:inherit;font-size:inherit;line-height:inherit}.elementor-widget-heading .elementor-heading-title.elementor-size-small{font-size:15px}.elementor-widget-heading .elementor-heading-title.elementor-size-medium{font-size:19px}.elementor-widget-heading .elementor-heading-title.elementor-size-large{font-size:29px}.elementor-widget-heading .elementor-heading-title.elementor-size-xl{font-size:39px}.elementor-widget-heading .elementor-heading-title.elementor-size-xxl{font-size:59px}<\/style><h2>Estudio de producci\u00f3n virtual<\/h2>\t\t\n\t\t\t<h4>VP Code LAB\ninnovaci\u00f3n en rodajes, eventos, directos...<\/h4>\t\t\n\t\t\t<style>\/*! elementor - v3.19.0 - 29-01-2024 *\/\n.elementor-widget-image{text-align:center}.elementor-widget-image a{display:inline-block}.elementor-widget-image a img[src$=\".svg\"]{width:48px}.elementor-widget-image img{vertical-align:middle;display:inline-block}<\/style>\t\t\t\t\t\t\t\t\t\t<img width=\"800\" height=\"600\" src=\"https:\/\/vpcodelab.es\/wp-content\/uploads\/2024\/02\/VP-CODE-LAB-foto-2-1024x768.jpg\" alt=\"\" srcset=\"https:\/\/vpcodelab.es\/wp-content\/uploads\/2024\/02\/VP-CODE-LAB-foto-2-1024x768.jpg 1024w, https:\/\/vpcodelab.es\/wp-content\/uploads\/2024\/02\/VP-CODE-LAB-foto-2-300x225.jpg 300w, https:\/\/vpcodelab.es\/wp-content\/uploads\/2024\/02\/VP-CODE-LAB-foto-2-768x576.jpg 768w, https:\/\/vpcodelab.es\/wp-content\/uploads\/2024\/02\/VP-CODE-LAB-foto-2-1536x1152.jpg 1536w, https:\/\/vpcodelab.es\/wp-content\/uploads\/2024\/02\/VP-CODE-LAB-foto-2.jpg 1600w\" sizes=\"(max-width: 800px) 100vw, 800px\" \/>\t\t\t\t\t\t\t\t\t\t\t\t\t\n\t\t<p>Plat\u00f3 de Producci\u00f3n Virtual en Tudela: Tu Escenario Digital de Creatividad Infinita. Descubre un espacio innovador donde la producci\u00f3n audiovisual cobra vida a trav\u00e9s de tecnolog\u00eda de vanguardia. En VP Code LAB, te invitamos a explorar un mundo de posibilidades <strong>ilimitadas<\/strong> para tus proyectos.<\/p><p>\u00danete a nosotros y convierte tus visiones en realidad, en nuestro plat\u00f3 de producci\u00f3n virtual.<\/p><p>Alfredo Ordu\u00f1a -- 629591568 -- vpcodelab@gmail.com<\/p>","_et_gb_content_width":"","footnotes":""},"class_list":["post-37","page","type-page","status-publish","hentry"],"_links":{"self":[{"href":"https:\/\/vpcodelab.es\/index.php\/wp-json\/wp\/v2\/pages\/37","targetHints":{"allow":["GET"]}}],"collection":[{"href":"https:\/\/vpcodelab.es\/index.php\/wp-json\/wp\/v2\/pages"}],"about":[{"href":"https:\/\/vpcodelab.es\/index.php\/wp-json\/wp\/v2\/types\/page"}],"author":[{"embeddable":true,"href":"https:\/\/vpcodelab.es\/index.php\/wp-json\/wp\/v2\/users\/1"}],"replies":[{"embeddable":true,"href":"https:\/\/vpcodelab.es\/index.php\/wp-json\/wp\/v2\/comments?post=37"}],"version-history":[{"count":29,"href":"https:\/\/vpcodelab.es\/index.php\/wp-json\/wp\/v2\/pages\/37\/revisions"}],"predecessor-version":[{"id":463,"href":"https:\/\/vpcodelab.es\/index.php\/wp-json\/wp\/v2\/pages\/37\/revisions\/463"}],"wp:attachment":[{"href":"https:\/\/vpcodelab.es\/index.php\/wp-json\/wp\/v2\/media?parent=37"}],"curies":[{"name":"wp","href":"https:\/\/api.w.org\/{rel}","templated":true}]}}